{"id":1704,"date":"2015-09-22T14:17:40","date_gmt":"2015-09-22T14:17:40","guid":{"rendered":"http:\/\/duinsa.es\/\/conoce-duinsa-2\/"},"modified":"2024-11-27T12:07:17","modified_gmt":"2024-11-27T12:07:17","slug":"conoce-duinsa","status":"publish","type":"page","link":"https:\/\/duinsa.es\/ca\/conoce-duinsa\/","title":{"rendered":"Coneix Duinsa"},"content":{"rendered":"<p>Solidesa i experi\u00e8ncia situen actualment a\u00a0<strong>Duinsa<\/strong>\u00a0com una empresa de refer\u00e8ncia dins del\u00a0<strong>sector de la construcci\u00f3<\/strong>. Des de 1981, centrem la nostra activitat en l\u2019estudi, desenvolupament i realitzaci\u00f3 d\u2019obres o treballs d\u2019infraestructura, tant de nova construcci\u00f3 com remodelaci\u00f3, rehabilitaci\u00f3 o renovaci\u00f3 de les existents, especialment en el sector industrial.<\/p>\n<p><strong>Duinsa<\/strong>\u00a0es regeix per una filosofia empresarial els valors principals de la qual s\u00f3n la professionalitat i responsabilitat. Portem a terme la nostra activitat amb l\u2019\u00fas de les t\u00e8cniques i sistemes constructius m\u00e9s avan\u00e7ats, complint rigurosament amb els terminis d\u2019execuci\u00f3 convinguts. A m\u00e9s, comptem amb un equip hum\u00e0 constitu\u00eft per professionals del sector, que donen resposta de forma r\u00e0pida i efica\u00e7 a les diferents necessitats dels projectes que executem.<\/p>\n<p>Amb l\u2019objectiu que els nostres clients dipositin la seva m\u00e0xima confian\u00e7a en el nostre treball, oferim un servei a mida. A\u00a0<strong>Duinsa<\/strong>\u00a0presentem aquelles solucions m\u00e9s adequades en funci\u00f3 dels requeriments de cada projecte, amb el fi d\u2019assolir un resultat final plenament satisfactori.<\/p>\n<h2>Respecte amb el medi ambient<\/h2>\n<p>El respecte pel medi ambient \u00e9s un dels pilars fonamentals de la nostra filosofia empresarial. Per aquesta ra\u00f3, des dels nostres inicis a\u00a0<strong>Duinsa<\/strong>\u00a0emprem les t\u00e8cniques i processos m\u00e9s adequats i portem a terme l\u00b4\u00fas d\u00b4\u00e0rids reciclats en els nostres projectes. A m\u00e9s, realitzem peri\u00f2dicament l\u00b4actualizaci\u00f3 dels nous certificats de qualitat ISO (actualment estem treballant per a l\u00b4obtenci\u00f3 del certificat ISO 14001), i tenim implantats programes de formaci\u00f3 en gesti\u00f3 de residus per als nostres treballadors.<\/p>\n","protected":false},"excerpt":{"rendered":"<p>Solidesa i experi\u00e8ncia situen actualment a\u00a0Duinsa\u00a0com una empresa de refer\u00e8ncia dins del\u00a0sector de la construcci\u00f3. Des de 1981, centrem la nostra activitat en l\u2019estudi, desenvolupament i realitzaci\u00f3 d\u2019obres o treballs d\u2019infraestructura, tant de nova construcci\u00f3 com remodelaci\u00f3, rehabilitaci\u00f3 o renovaci\u00f3 de les existents, especialment en el sector industrial. Duinsa\u00a0es regeix per una filosofia empresarial els [&hellip;]<\/p>\n","protected":false},"author":1,"featured_media":0,"parent":0,"menu_order":0,"comment_status":"closed","ping_status":"closed","template":"page-empresa.php","meta":{"_acf_changed":false,"footnotes":""},"class_list":["post-1704","page","type-page","status-publish","hentry"],"acf":[],"_links":{"self":[{"href":"https:\/\/duinsa.es\/ca\/wp-json\/wp\/v2\/pages\/1704","targetHints":{"allow":["GET"]}}],"collection":[{"href":"https:\/\/duinsa.es\/ca\/wp-json\/wp\/v2\/pages"}],"about":[{"href":"https:\/\/duinsa.es\/ca\/wp-json\/wp\/v2\/types\/page"}],"author":[{"embeddable":true,"href":"https:\/\/duinsa.es\/ca\/wp-json\/wp\/v2\/users\/1"}],"replies":[{"embeddable":true,"href":"https:\/\/duinsa.es\/ca\/wp-json\/wp\/v2\/comments?post=1704"}],"version-history":[{"count":15,"href":"https:\/\/duinsa.es\/ca\/wp-json\/wp\/v2\/pages\/1704\/revisions"}],"predecessor-version":[{"id":7590,"href":"https:\/\/duinsa.es\/ca\/wp-json\/wp\/v2\/pages\/1704\/revisions\/7590"}],"wp:attachment":[{"href":"https:\/\/duinsa.es\/ca\/wp-json\/wp\/v2\/media?parent=1704"}],"curies":[{"name":"wp","href":"https:\/\/api.w.org\/{rel}","templated":true}]}}