{"id":6149,"date":"2022-11-24T11:10:22","date_gmt":"2022-11-24T11:10:22","guid":{"rendered":"http:\/\/duinsa.es\/respeto-con-el-medio-ambiente\/"},"modified":"2022-11-24T11:49:47","modified_gmt":"2022-11-24T11:49:47","slug":"respecte-amb-el-medi-ambient","status":"publish","type":"page","link":"https:\/\/duinsa.es\/ca\/respecte-amb-el-medi-ambient\/","title":{"rendered":"Respecte amb el medi ambient"},"content":{"rendered":"<p>El respecte pel medi ambient \u00e9s un dels pilars fonamentals de la nostra filosofia empresarial. Per aquesta ra\u00f3, des dels nostres inicis a\u00a0<strong>Duinsa<\/strong>\u00a0emprem les t\u00e8cniques i processos m\u00e9s adequats i portem a terme l\u00b4\u00fas d\u00b4\u00e0rids reciclats en els nostres projectes. A m\u00e9s, realitzem peri\u00f2dicament l\u00b4actualizaci\u00f3 dels nous certificats de qualitat ISO (actualment estem treballant per a l\u00b4obtenci\u00f3 del certificat ISO 14001), i tenim implantats programes de formaci\u00f3 en gesti\u00f3 de residus per als nostres treballadors.<\/p>\n","protected":false},"excerpt":{"rendered":"<p>El respecte pel medi ambient \u00e9s un dels pilars fonamentals de la nostra filosofia empresarial. Per aquesta ra\u00f3, des dels nostres inicis a\u00a0Duinsa\u00a0emprem les t\u00e8cniques i processos m\u00e9s adequats i portem a terme l\u00b4\u00fas d\u00b4\u00e0rids reciclats en els nostres projectes. A m\u00e9s, realitzem peri\u00f2dicament l\u00b4actualizaci\u00f3 dels nous certificats de qualitat ISO (actualment estem treballant per [&hellip;]<\/p>\n","protected":false},"author":1,"featured_media":0,"parent":0,"menu_order":0,"comment_status":"closed","ping_status":"closed","template":"","meta":{"_acf_changed":false,"footnotes":""},"class_list":["post-6149","page","type-page","status-publish","hentry"],"acf":[],"_links":{"self":[{"href":"https:\/\/duinsa.es\/ca\/wp-json\/wp\/v2\/pages\/6149","targetHints":{"allow":["GET"]}}],"collection":[{"href":"https:\/\/duinsa.es\/ca\/wp-json\/wp\/v2\/pages"}],"about":[{"href":"https:\/\/duinsa.es\/ca\/wp-json\/wp\/v2\/types\/page"}],"author":[{"embeddable":true,"href":"https:\/\/duinsa.es\/ca\/wp-json\/wp\/v2\/users\/1"}],"replies":[{"embeddable":true,"href":"https:\/\/duinsa.es\/ca\/wp-json\/wp\/v2\/comments?post=6149"}],"version-history":[{"count":1,"href":"https:\/\/duinsa.es\/ca\/wp-json\/wp\/v2\/pages\/6149\/revisions"}],"predecessor-version":[{"id":6151,"href":"https:\/\/duinsa.es\/ca\/wp-json\/wp\/v2\/pages\/6149\/revisions\/6151"}],"wp:attachment":[{"href":"https:\/\/duinsa.es\/ca\/wp-json\/wp\/v2\/media?parent=6149"}],"curies":[{"name":"wp","href":"https:\/\/api.w.org\/{rel}","templated":true}]}}