{"id":6187,"date":"2022-11-22T11:32:41","date_gmt":"2022-11-22T11:32:41","guid":{"rendered":"http:\/\/duinsa.es\/projectes-realitzats\/proyectos-sector-alimentacion\/"},"modified":"2022-12-19T08:10:28","modified_gmt":"2022-12-19T08:10:28","slug":"projectes-sector-alimentacio","status":"publish","type":"page","link":"https:\/\/duinsa.es\/ca\/projectes-realitzats\/projectes-sector-alimentacio\/","title":{"rendered":"Projectes sector alimentaci\u00f3"},"content":{"rendered":"<p>Dins del sector de l\u2019alimentaci\u00f3, empreses capdavanteres com Europastry SA o Sunny Delight Espa\u00f1a han confiat tamb\u00e9 en <strong>Duinsa<\/strong> per portar a terme alguns dels seus projectes d\u2019ampliaci\u00f3 d\u2019espais industrials. Per exemple, per a aquestes empreses hem portat a terme projectes d\u2019ampliaci\u00f3 de magatzems o la creaci\u00f3 de noves plantes.<\/p>\n","protected":false},"excerpt":{"rendered":"<p>Dins del sector de l\u2019alimentaci\u00f3, empreses capdavanteres com Europastry SA o Sunny Delight Espa\u00f1a han confiat tamb\u00e9 en Duinsa per portar a terme alguns dels seus projectes d\u2019ampliaci\u00f3 d\u2019espais industrials. Per exemple, per a aquestes empreses hem portat a terme projectes d\u2019ampliaci\u00f3 de magatzems o la creaci\u00f3 de noves plantes.<\/p>\n","protected":false},"author":1,"featured_media":0,"parent":1696,"menu_order":0,"comment_status":"closed","ping_status":"closed","template":"page-projectes.php","meta":{"_acf_changed":false,"footnotes":""},"class_list":["post-6187","page","type-page","status-publish","hentry"],"acf":[],"_links":{"self":[{"href":"https:\/\/duinsa.es\/ca\/wp-json\/wp\/v2\/pages\/6187","targetHints":{"allow":["GET"]}}],"collection":[{"href":"https:\/\/duinsa.es\/ca\/wp-json\/wp\/v2\/pages"}],"about":[{"href":"https:\/\/duinsa.es\/ca\/wp-json\/wp\/v2\/types\/page"}],"author":[{"embeddable":true,"href":"https:\/\/duinsa.es\/ca\/wp-json\/wp\/v2\/users\/1"}],"replies":[{"embeddable":true,"href":"https:\/\/duinsa.es\/ca\/wp-json\/wp\/v2\/comments?post=6187"}],"version-history":[{"count":3,"href":"https:\/\/duinsa.es\/ca\/wp-json\/wp\/v2\/pages\/6187\/revisions"}],"predecessor-version":[{"id":6248,"href":"https:\/\/duinsa.es\/ca\/wp-json\/wp\/v2\/pages\/6187\/revisions\/6248"}],"up":[{"embeddable":true,"href":"https:\/\/duinsa.es\/ca\/wp-json\/wp\/v2\/pages\/1696"}],"wp:attachment":[{"href":"https:\/\/duinsa.es\/ca\/wp-json\/wp\/v2\/media?parent=6187"}],"curies":[{"name":"wp","href":"https:\/\/api.w.org\/{rel}","templated":true}]}}