{"id":6189,"date":"2022-11-22T11:38:02","date_gmt":"2022-11-22T11:38:02","guid":{"rendered":"http:\/\/duinsa.es\/projectes-realitzats\/otros\/"},"modified":"2022-12-19T08:10:17","modified_gmt":"2022-12-19T08:10:17","slug":"projectes-altres-sectors","status":"publish","type":"page","link":"https:\/\/duinsa.es\/ca\/projectes-realitzats\/projectes-altres-sectors\/","title":{"rendered":"Projectes altres sectors"},"content":{"rendered":"<p>A banda dels sectors farmac\u00e8utics, qu\u00edmic i alimentari, a <strong>Duinsa<\/strong> tamb\u00e9 hem portat a terme projectes per a empreses d\u2019altres \u00e0mbits. Per exemple, per a Cofac Ferreteros Asociados i el Col\u00b7legi d\u2019Enginyers T\u00e8cnics Industrials de Barcelona, hem desenvolupat obres com la construcci\u00f3 de naus de magatzem i de nous espais destinats a oficines.<\/p>\n","protected":false},"excerpt":{"rendered":"<p>A banda dels sectors farmac\u00e8utics, qu\u00edmic i alimentari, a Duinsa tamb\u00e9 hem portat a terme projectes per a empreses d\u2019altres \u00e0mbits. Per exemple, per a Cofac Ferreteros Asociados i el Col\u00b7legi d\u2019Enginyers T\u00e8cnics Industrials de Barcelona, hem desenvolupat obres com la construcci\u00f3 de naus de magatzem i de nous espais destinats a oficines.<\/p>\n","protected":false},"author":1,"featured_media":0,"parent":1696,"menu_order":0,"comment_status":"closed","ping_status":"closed","template":"page-projectes.php","meta":{"_acf_changed":false,"footnotes":""},"class_list":["post-6189","page","type-page","status-publish","hentry"],"acf":[],"_links":{"self":[{"href":"https:\/\/duinsa.es\/ca\/wp-json\/wp\/v2\/pages\/6189","targetHints":{"allow":["GET"]}}],"collection":[{"href":"https:\/\/duinsa.es\/ca\/wp-json\/wp\/v2\/pages"}],"about":[{"href":"https:\/\/duinsa.es\/ca\/wp-json\/wp\/v2\/types\/page"}],"author":[{"embeddable":true,"href":"https:\/\/duinsa.es\/ca\/wp-json\/wp\/v2\/users\/1"}],"replies":[{"embeddable":true,"href":"https:\/\/duinsa.es\/ca\/wp-json\/wp\/v2\/comments?post=6189"}],"version-history":[{"count":3,"href":"https:\/\/duinsa.es\/ca\/wp-json\/wp\/v2\/pages\/6189\/revisions"}],"predecessor-version":[{"id":6247,"href":"https:\/\/duinsa.es\/ca\/wp-json\/wp\/v2\/pages\/6189\/revisions\/6247"}],"up":[{"embeddable":true,"href":"https:\/\/duinsa.es\/ca\/wp-json\/wp\/v2\/pages\/1696"}],"wp:attachment":[{"href":"https:\/\/duinsa.es\/ca\/wp-json\/wp\/v2\/media?parent=6189"}],"curies":[{"name":"wp","href":"https:\/\/api.w.org\/{rel}","templated":true}]}}