{"id":6191,"date":"2022-11-22T09:58:40","date_gmt":"2022-11-22T09:58:40","guid":{"rendered":"http:\/\/duinsa.es\/projectes-realitzats\/proyectos-sector-farmaceutico\/"},"modified":"2022-12-19T08:10:42","modified_gmt":"2022-12-19T08:10:42","slug":"projectes-sector-farmaceutic","status":"publish","type":"page","link":"https:\/\/duinsa.es\/ca\/projectes-realitzats\/projectes-sector-farmaceutic\/","title":{"rendered":"Projectes sector farmac\u00e8utic"},"content":{"rendered":"<p>A <strong>Duinsa<\/strong> hem desenvolupat nombrosos projectes per a empreses capdavanteres dins del sector farmac\u00e8utic. Entre els clients d\u2019aquest sector, destaquen les empreses Grupo Gr\u00edfols, Laboratorios Almirall o Laboratorios Dr. Esteve, per a qui hem portat a terme la construcci\u00f3 de plantes de producci\u00f3, noves oficines o ampliaci\u00f3 de laboratoris, entre algunes de les obres realitzades..<\/p>\n","protected":false},"excerpt":{"rendered":"<p>A Duinsa hem desenvolupat nombrosos projectes per a empreses capdavanteres dins del sector farmac\u00e8utic. Entre els clients d\u2019aquest sector, destaquen les empreses Grupo Gr\u00edfols, Laboratorios Almirall o Laboratorios Dr. Esteve, per a qui hem portat a terme la construcci\u00f3 de plantes de producci\u00f3, noves oficines o ampliaci\u00f3 de laboratoris, entre algunes de les obres realitzades..<\/p>\n","protected":false},"author":1,"featured_media":0,"parent":1696,"menu_order":0,"comment_status":"closed","ping_status":"closed","template":"page-projectes.php","meta":{"_acf_changed":false,"footnotes":""},"class_list":["post-6191","page","type-page","status-publish","hentry"],"acf":[],"_links":{"self":[{"href":"https:\/\/duinsa.es\/ca\/wp-json\/wp\/v2\/pages\/6191","targetHints":{"allow":["GET"]}}],"collection":[{"href":"https:\/\/duinsa.es\/ca\/wp-json\/wp\/v2\/pages"}],"about":[{"href":"https:\/\/duinsa.es\/ca\/wp-json\/wp\/v2\/types\/page"}],"author":[{"embeddable":true,"href":"https:\/\/duinsa.es\/ca\/wp-json\/wp\/v2\/users\/1"}],"replies":[{"embeddable":true,"href":"https:\/\/duinsa.es\/ca\/wp-json\/wp\/v2\/comments?post=6191"}],"version-history":[{"count":3,"href":"https:\/\/duinsa.es\/ca\/wp-json\/wp\/v2\/pages\/6191\/revisions"}],"predecessor-version":[{"id":6249,"href":"https:\/\/duinsa.es\/ca\/wp-json\/wp\/v2\/pages\/6191\/revisions\/6249"}],"up":[{"embeddable":true,"href":"https:\/\/duinsa.es\/ca\/wp-json\/wp\/v2\/pages\/1696"}],"wp:attachment":[{"href":"https:\/\/duinsa.es\/ca\/wp-json\/wp\/v2\/media?parent=6191"}],"curies":[{"name":"wp","href":"https:\/\/api.w.org\/{rel}","templated":true}]}}