{"id":6193,"date":"2022-11-22T11:27:42","date_gmt":"2022-11-22T11:27:42","guid":{"rendered":"http:\/\/duinsa.es\/projectes-realitzats\/proyectos-sector-quimico\/"},"modified":"2022-12-19T08:10:55","modified_gmt":"2022-12-19T08:10:55","slug":"chemistry-projects","status":"publish","type":"page","link":"https:\/\/duinsa.es\/ca\/projectes-realitzats\/chemistry-projects\/","title":{"rendered":"Projectes sector qu\u00edmic"},"content":{"rendered":"<p>S\u00f3n nombroses les empreses enmarcades dins del sector qu\u00edmic que han dipositat la seva m\u00e0xima confian\u00e7a en l\u2019equip de Duinsa. Per a empreses com Reckitt Benckiser Espa\u00f1a o Droiban SA, hem portat a terme diferents projectes, com per exemple la construcci\u00f3 de noves plantes i ampliacions, i la reparaci\u00f3 d\u2019alguns espais.<\/p>\n","protected":false},"excerpt":{"rendered":"<p>S\u00f3n nombroses les empreses enmarcades dins del sector qu\u00edmic que han dipositat la seva m\u00e0xima confian\u00e7a en l\u2019equip de Duinsa. Per a empreses com Reckitt Benckiser Espa\u00f1a o Droiban SA, hem portat a terme diferents projectes, com per exemple la construcci\u00f3 de noves plantes i ampliacions, i la reparaci\u00f3 d\u2019alguns espais.<\/p>\n","protected":false},"author":1,"featured_media":0,"parent":1696,"menu_order":0,"comment_status":"closed","ping_status":"closed","template":"page-projectes.php","meta":{"_acf_changed":false,"footnotes":""},"class_list":["post-6193","page","type-page","status-publish","hentry"],"acf":[],"_links":{"self":[{"href":"https:\/\/duinsa.es\/ca\/wp-json\/wp\/v2\/pages\/6193","targetHints":{"allow":["GET"]}}],"collection":[{"href":"https:\/\/duinsa.es\/ca\/wp-json\/wp\/v2\/pages"}],"about":[{"href":"https:\/\/duinsa.es\/ca\/wp-json\/wp\/v2\/types\/page"}],"author":[{"embeddable":true,"href":"https:\/\/duinsa.es\/ca\/wp-json\/wp\/v2\/users\/1"}],"replies":[{"embeddable":true,"href":"https:\/\/duinsa.es\/ca\/wp-json\/wp\/v2\/comments?post=6193"}],"version-history":[{"count":6,"href":"https:\/\/duinsa.es\/ca\/wp-json\/wp\/v2\/pages\/6193\/revisions"}],"predecessor-version":[{"id":6250,"href":"https:\/\/duinsa.es\/ca\/wp-json\/wp\/v2\/pages\/6193\/revisions\/6250"}],"up":[{"embeddable":true,"href":"https:\/\/duinsa.es\/ca\/wp-json\/wp\/v2\/pages\/1696"}],"wp:attachment":[{"href":"https:\/\/duinsa.es\/ca\/wp-json\/wp\/v2\/media?parent=6193"}],"curies":[{"name":"wp","href":"https:\/\/api.w.org\/{rel}","templated":true}]}}