{"id":2210,"date":"2015-10-06T08:34:59","date_gmt":"2015-10-06T08:34:59","guid":{"rendered":"http:\/\/duinsa.es\/\/aviso-legal-2\/"},"modified":"2018-06-04T13:29:31","modified_gmt":"2018-06-04T13:29:31","slug":"aviso-legal","status":"publish","type":"page","link":"https:\/\/duinsa.es\/en\/aviso-legal\/","title":{"rendered":"Aviso legal"},"content":{"rendered":"<p>www.duinsa.es es un dominio en internet cuya titularidad pertenece a DUIN, S.A.<\/p>\n<p>Este sitio web y todos sus contenidos, incluyendo los textos, im\u00e1genes, c\u00f3digos, y cualquier otro material, son propiedad de DUIN, S.A. o de terceros que han autorizado su uso. La utilizaci\u00f3n de la web atribuye la condici\u00f3n de usuario a toda persona que acceda a la misma e implica la aceptaci\u00f3n sin reservas de las presentes condiciones generales.<\/p>\n<p>La informaci\u00f3n y elementos divulgados a trav\u00e9s de estas p\u00e1ginas se encuentran protegidos por las leyes espa\u00f1olas e internacionales sobre Propiedad Industrial e Intelectual. De tal forma que se proh\u00edbe su reproducci\u00f3n, distribuci\u00f3n y comunicaci\u00f3n p\u00fablica sin la autorizaci\u00f3n expresa de DUIN, S.A.<\/p>\n<p>Las p\u00e1ginas de www.duinsa.es pueden ser visitadas libremente por los usuarios, excluyendo aquellas que se encuentren en \u00e1reas cerradas, o que exijan la inscripci\u00f3n en un registro que se efectuar\u00e1 en la forma expresamente indicada en el propio servicio o en las Condiciones Particulares que lo regulen.<\/p>\n<p>El usuario se compromete a no utilizar los servicios para la realizaci\u00f3n de actividades contrarias a las leyes, a la moral, al orden p\u00fablico y, en general, a hacer un uso conforme a estos t\u00e9rminos generales.<\/p>\n<p>DUIN, S.A. no se hace responsable de los da\u00f1os o perjuicios directos o indirectos derivados del uso de este sitio web, incluidos da\u00f1os a sistemas inform\u00e1ticos, al tiempo que se reserva el derecho a modificar en cualquier momento los contenidos mostrados.<\/p>\n","protected":false},"excerpt":{"rendered":"<p>www.duinsa.es es un dominio en internet cuya titularidad pertenece a DUIN, S.A. Este sitio web y todos sus contenidos, incluyendo los textos, im\u00e1genes, c\u00f3digos, y cualquier otro material, son propiedad de DUIN, S.A. o de terceros que han autorizado su uso. La utilizaci\u00f3n de la web atribuye la condici\u00f3n de usuario a toda persona que [&hellip;]<\/p>\n","protected":false},"author":1,"featured_media":0,"parent":0,"menu_order":0,"comment_status":"closed","ping_status":"closed","template":"","meta":{"_acf_changed":false,"footnotes":""},"class_list":["post-2210","page","type-page","status-publish","hentry"],"acf":[],"_links":{"self":[{"href":"https:\/\/duinsa.es\/en\/wp-json\/wp\/v2\/pages\/2210","targetHints":{"allow":["GET"]}}],"collection":[{"href":"https:\/\/duinsa.es\/en\/wp-json\/wp\/v2\/pages"}],"about":[{"href":"https:\/\/duinsa.es\/en\/wp-json\/wp\/v2\/types\/page"}],"author":[{"embeddable":true,"href":"https:\/\/duinsa.es\/en\/wp-json\/wp\/v2\/users\/1"}],"replies":[{"embeddable":true,"href":"https:\/\/duinsa.es\/en\/wp-json\/wp\/v2\/comments?post=2210"}],"version-history":[{"count":2,"href":"https:\/\/duinsa.es\/en\/wp-json\/wp\/v2\/pages\/2210\/revisions"}],"predecessor-version":[{"id":2947,"href":"https:\/\/duinsa.es\/en\/wp-json\/wp\/v2\/pages\/2210\/revisions\/2947"}],"wp:attachment":[{"href":"https:\/\/duinsa.es\/en\/wp-json\/wp\/v2\/media?parent=2210"}],"curies":[{"name":"wp","href":"https:\/\/api.w.org\/{rel}","templated":true}]}}